{"id":518,"date":"2025-08-06T17:21:04","date_gmt":"2025-08-06T17:21:04","guid":{"rendered":"https:\/\/vidafractional.com\/?page_id=518"},"modified":"2025-08-20T21:13:57","modified_gmt":"2025-08-20T21:13:57","slug":"faqs","status":"publish","type":"page","link":"https:\/\/vidafractional.com\/es\/faqs\/","title":{"rendered":"FAQ&#8217;s"},"content":{"rendered":"<div data-elementor-type=\"wp-page\" data-elementor-id=\"518\" class=\"elementor elementor-518\" data-elementor-post-type=\"page\">\n\t\t\t\t<div class=\"elementor-element elementor-element-914cc81 e-flex e-con-boxed e-con e-parent\" data-id=\"914cc81\" data-element_type=\"container\" data-settings=\"{&quot;background_background&quot;:&quot;classic&quot;}\">\n\t\t\t\t\t<div class=\"e-con-inner\">\n\t\t<div class=\"elementor-element elementor-element-68c7b25 e-con-full animated-slow e-flex elementor-invisible e-con e-child\" data-id=\"68c7b25\" data-element_type=\"container\" data-settings=\"{&quot;animation&quot;:&quot;fadeInLeft&quot;}\">\n\t\t\t\t<div class=\"elementor-element elementor-element-5386d55 elementor-widget elementor-widget-heading\" data-id=\"5386d55\" data-element_type=\"widget\" data-settings=\"{&quot;_animation&quot;:&quot;none&quot;}\" data-widget_type=\"heading.default\">\n\t\t\t\t<div class=\"elementor-widget-container\">\n\t\t\t\t\t<h1 class=\"elementor-heading-title elementor-size-default\">Preguntas Frecuentes<\/h1>\t\t\t\t<\/div>\n\t\t\t\t<\/div>\n\t\t\t\t<\/div>\n\t\t\t\t\t<\/div>\n\t\t\t\t<\/div>\n\t\t<div class=\"elementor-element elementor-element-963800c e-flex e-con-boxed e-con e-parent\" data-id=\"963800c\" data-element_type=\"container\">\n\t\t\t\t\t<div class=\"e-con-inner\">\n\t\t<div class=\"elementor-element elementor-element-c91c65e e-con-full e-flex e-con e-child\" data-id=\"c91c65e\" data-element_type=\"container\">\n\t\t\t\t<div class=\"elementor-element elementor-element-d6915e1 elementor-widget-tablet__width-inherit elementor-widget-mobile__width-inherit elementor-widget elementor-widget-heading\" data-id=\"d6915e1\" data-element_type=\"widget\" data-widget_type=\"heading.default\">\n\t\t\t\t<div class=\"elementor-widget-container\">\n\t\t\t\t\t<h2 class=\"elementor-heading-title elementor-size-default\">\u00bfTienes preguntas? Aqu\u00ed lo respondemos<\/h2>\t\t\t\t<\/div>\n\t\t\t\t<\/div>\n\t\t\t\t<\/div>\n\t\t<div class=\"elementor-element elementor-element-bbffacf e-con-full e-flex e-con e-child\" data-id=\"bbffacf\" data-element_type=\"container\">\n\t\t<div class=\"elementor-element elementor-element-606d281 e-con-full animated-slow e-flex elementor-invisible e-con e-child\" data-id=\"606d281\" data-element_type=\"container\" data-settings=\"{&quot;animation&quot;:&quot;fadeInUp&quot;}\">\n\t\t\t\t<div class=\"elementor-element elementor-element-44399f3 animated-slow elementor-widget elementor-widget-n-accordion\" data-id=\"44399f3\" data-element_type=\"widget\" data-settings=\"{&quot;_animation&quot;:&quot;none&quot;,&quot;default_state&quot;:&quot;expanded&quot;,&quot;max_items_expended&quot;:&quot;one&quot;,&quot;n_accordion_animation_duration&quot;:{&quot;unit&quot;:&quot;ms&quot;,&quot;size&quot;:400,&quot;sizes&quot;:[]}}\" data-widget_type=\"nested-accordion.default\">\n\t\t\t\t<div class=\"elementor-widget-container\">\n\t\t\t\t\t\t\t<div class=\"e-n-accordion\" aria-label=\"Accordion. Open links with Enter or Space, close with Escape, and navigate with Arrow Keys\">\n\t\t\t\t\t\t<details id=\"e-n-accordion-item-7150\" class=\"e-n-accordion-item\" open>\n\t\t\t\t<summary class=\"e-n-accordion-item-title\" data-accordion-index=\"1\" tabindex=\"0\" aria-expanded=\"true\" aria-controls=\"e-n-accordion-item-7150\" >\n\t\t\t\t\t<span class='e-n-accordion-item-title-header'><div class=\"e-n-accordion-item-title-text\"> \u00bfQu\u00e9 es la propiedad fraccional? <\/div><\/span>\n\t\t\t\t\t\t\t<span class='e-n-accordion-item-title-icon'>\n\t\t\t<span class='e-opened' ><i aria-hidden=\"true\" class=\"fas fa-minus\"><\/i><\/span>\n\t\t\t<span class='e-closed'><i aria-hidden=\"true\" class=\"fas fa-plus\"><\/i><\/span>\n\t\t<\/span>\n\n\t\t\t\t\t\t<\/summary>\n\t\t\t\t<div role=\"region\" aria-labelledby=\"e-n-accordion-item-7150\" class=\"elementor-element elementor-element-a8928b1 e-con-full e-flex e-con e-child\" data-id=\"a8928b1\" data-element_type=\"container\">\n\t\t\t\t<div class=\"elementor-element elementor-element-5913fd6 elementor-widget elementor-widget-text-editor\" data-id=\"5913fd6\" data-element_type=\"widget\" data-widget_type=\"text-editor.default\">\n\t\t\t\t<div class=\"elementor-widget-container\">\n\t\t\t\t\t\t\t\t\t<p>La propiedad fraccional es un modelo legal que permite a varias personas ser copropietarias de un mismo inmueble. Cada copropietario adquiere derechos reales sobre la propiedad, incluyendo uso, herencia, reventa y cesi\u00f3n.<\/p>\t\t\t\t\t\t\t\t<\/div>\n\t\t\t\t<\/div>\n\t\t\t\t<\/div>\n\t\t\t\t\t<\/details>\n\t\t\t\t\t\t<details id=\"e-n-accordion-item-7151\" class=\"e-n-accordion-item\" >\n\t\t\t\t<summary class=\"e-n-accordion-item-title\" data-accordion-index=\"2\" tabindex=\"-1\" aria-expanded=\"false\" aria-controls=\"e-n-accordion-item-7151\" >\n\t\t\t\t\t<span class='e-n-accordion-item-title-header'><div class=\"e-n-accordion-item-title-text\">  \u00bfCu\u00e1ntas noches al a\u00f1o tengo? <\/div><\/span>\n\t\t\t\t\t\t\t<span class='e-n-accordion-item-title-icon'>\n\t\t\t<span class='e-opened' ><i aria-hidden=\"true\" class=\"fas fa-minus\"><\/i><\/span>\n\t\t\t<span class='e-closed'><i aria-hidden=\"true\" class=\"fas fa-plus\"><\/i><\/span>\n\t\t<\/span>\n\n\t\t\t\t\t\t<\/summary>\n\t\t\t\t<div role=\"region\" aria-labelledby=\"e-n-accordion-item-7151\" class=\"elementor-element elementor-element-682f693 e-con-full e-flex e-con e-child\" data-id=\"682f693\" data-element_type=\"container\">\n\t\t\t\t<div class=\"elementor-element elementor-element-129fee4 elementor-widget elementor-widget-text-editor\" data-id=\"129fee4\" data-element_type=\"widget\" data-widget_type=\"text-editor.default\">\n\t\t\t\t<div class=\"elementor-widget-container\">\n\t\t\t\t\t\t\t\t\t<p>Cada fracci\u00f3n otorga <b>35 noches al a\u00f1o<\/b>distribuidas de forma justa y permanente. Puedes usarlas, rentarlas o intercambiarlas con otros copropietarios.<\/p>\t\t\t\t\t\t\t\t<\/div>\n\t\t\t\t<\/div>\n\t\t\t\t<\/div>\n\t\t\t\t\t<\/details>\n\t\t\t\t\t\t<details id=\"e-n-accordion-item-7152\" class=\"e-n-accordion-item\" >\n\t\t\t\t<summary class=\"e-n-accordion-item-title\" data-accordion-index=\"3\" tabindex=\"-1\" aria-expanded=\"false\" aria-controls=\"e-n-accordion-item-7152\" >\n\t\t\t\t\t<span class='e-n-accordion-item-title-header'><div class=\"e-n-accordion-item-title-text\"> \u00bfPuedo rentar o intercambiar mis semanas? <\/div><\/span>\n\t\t\t\t\t\t\t<span class='e-n-accordion-item-title-icon'>\n\t\t\t<span class='e-opened' ><i aria-hidden=\"true\" class=\"fas fa-minus\"><\/i><\/span>\n\t\t\t<span class='e-closed'><i aria-hidden=\"true\" class=\"fas fa-plus\"><\/i><\/span>\n\t\t<\/span>\n\n\t\t\t\t\t\t<\/summary>\n\t\t\t\t<div role=\"region\" aria-labelledby=\"e-n-accordion-item-7152\" class=\"elementor-element elementor-element-108a48d e-con-full e-flex e-con e-child\" data-id=\"108a48d\" data-element_type=\"container\">\n\t\t\t\t<div class=\"elementor-element elementor-element-ca25999 elementor-widget elementor-widget-text-editor\" data-id=\"ca25999\" data-element_type=\"widget\" data-widget_type=\"text-editor.default\">\n\t\t\t\t<div class=\"elementor-widget-container\">\n\t\t\t\t\t\t\t\t\t<p>S\u00ed. VIDA ofrece dos programas flexibles:<\/p><ul><li><b>Bolsa de Hu\u00e9spedes:<\/b> Renta tus noches no utilizadas. Los ingresos se distribuyen de forma semestral.<\/li><li><b>Bolsa de Intercambio:<\/b> Cambia tus fechas o propiedades con otros copropietarios mediante un sistema justo y transparente.<\/li><\/ul>\t\t\t\t\t\t\t\t<\/div>\n\t\t\t\t<\/div>\n\t\t\t\t<\/div>\n\t\t\t\t\t<\/details>\n\t\t\t\t\t\t<details id=\"e-n-accordion-item-7153\" class=\"e-n-accordion-item\" >\n\t\t\t\t<summary class=\"e-n-accordion-item-title\" data-accordion-index=\"4\" tabindex=\"-1\" aria-expanded=\"false\" aria-controls=\"e-n-accordion-item-7153\" >\n\t\t\t\t\t<span class='e-n-accordion-item-title-header'><div class=\"e-n-accordion-item-title-text\"> \u00bfSoy due\u00f1o de una parte de la propiedad? <\/div><\/span>\n\t\t\t\t\t\t\t<span class='e-n-accordion-item-title-icon'>\n\t\t\t<span class='e-opened' ><i aria-hidden=\"true\" class=\"fas fa-minus\"><\/i><\/span>\n\t\t\t<span class='e-closed'><i aria-hidden=\"true\" class=\"fas fa-plus\"><\/i><\/span>\n\t\t<\/span>\n\n\t\t\t\t\t\t<\/summary>\n\t\t\t\t<div role=\"region\" aria-labelledby=\"e-n-accordion-item-7153\" class=\"elementor-element elementor-element-03ce8bb e-con-full e-flex e-con e-child\" data-id=\"03ce8bb\" data-element_type=\"container\">\n\t\t\t\t<div class=\"elementor-element elementor-element-2b781bc elementor-widget elementor-widget-text-editor\" data-id=\"2b781bc\" data-element_type=\"widget\" data-widget_type=\"text-editor.default\">\n\t\t\t\t<div class=\"elementor-widget-container\">\n\t\t\t\t\t\t\t\t\t<p>S\u00ed. La propiedad es real y cuenta con respaldo legal. Seg\u00fan el pa\u00eds, se adquiere mediante:<\/p><ul><li>Acciones en una sociedad propietaria del inmueble, \u00f3<\/li><li>Derechos fideicomisarios sobre el bien.<\/li><\/ul>\t\t\t\t\t\t\t\t<\/div>\n\t\t\t\t<\/div>\n\t\t\t\t<\/div>\n\t\t\t\t\t<\/details>\n\t\t\t\t\t<\/div>\n\t\t\t\t\t\t<\/div>\n\t\t\t\t<\/div>\n\t\t\t\t<\/div>\n\t\t<div class=\"elementor-element elementor-element-086ad44 e-con-full animated-slow e-flex elementor-invisible e-con e-child\" data-id=\"086ad44\" data-element_type=\"container\" data-settings=\"{&quot;animation&quot;:&quot;fadeInUp&quot;}\">\n\t\t\t\t<div class=\"elementor-element elementor-element-2703ba0 animated-slow elementor-widget elementor-widget-n-accordion\" data-id=\"2703ba0\" data-element_type=\"widget\" data-settings=\"{&quot;_animation&quot;:&quot;none&quot;,&quot;default_state&quot;:&quot;all_collapsed&quot;,&quot;max_items_expended&quot;:&quot;one&quot;,&quot;n_accordion_animation_duration&quot;:{&quot;unit&quot;:&quot;ms&quot;,&quot;size&quot;:400,&quot;sizes&quot;:[]}}\" data-widget_type=\"nested-accordion.default\">\n\t\t\t\t<div class=\"elementor-widget-container\">\n\t\t\t\t\t\t\t<div class=\"e-n-accordion\" aria-label=\"Accordion. Open links with Enter or Space, close with Escape, and navigate with Arrow Keys\">\n\t\t\t\t\t\t<details id=\"e-n-accordion-item-4090\" class=\"e-n-accordion-item\" >\n\t\t\t\t<summary class=\"e-n-accordion-item-title\" data-accordion-index=\"1\" tabindex=\"0\" aria-expanded=\"false\" aria-controls=\"e-n-accordion-item-4090\" >\n\t\t\t\t\t<span class='e-n-accordion-item-title-header'><div class=\"e-n-accordion-item-title-text\">  \u00bfCu\u00e1les son mis responsabilidades como copropietario? <\/div><\/span>\n\t\t\t\t\t\t\t<span class='e-n-accordion-item-title-icon'>\n\t\t\t<span class='e-opened' ><i aria-hidden=\"true\" class=\"fas fa-minus\"><\/i><\/span>\n\t\t\t<span class='e-closed'><i aria-hidden=\"true\" class=\"fas fa-plus\"><\/i><\/span>\n\t\t<\/span>\n\n\t\t\t\t\t\t<\/summary>\n\t\t\t\t<div role=\"region\" aria-labelledby=\"e-n-accordion-item-4090\" class=\"elementor-element elementor-element-d95347e e-con-full e-flex e-con e-child\" data-id=\"d95347e\" data-element_type=\"container\">\n\t\t\t\t<div class=\"elementor-element elementor-element-ba78ce8 elementor-widget elementor-widget-text-editor\" data-id=\"ba78ce8\" data-element_type=\"widget\" data-widget_type=\"text-editor.default\">\n\t\t\t\t<div class=\"elementor-widget-container\">\n\t\t\t\t\t\t\t\t\t<p>Debes cubrir una cuota mensual que incluye:<\/p><ul><li>Mantenimiento del inmueble y \u00e1reas comunes<\/li><li>Servicios b\u00e1sicos<\/li><li>Seguridad<\/li><li>Impuestos sobre la propiedad<br \/>Tambi\u00e9n deber\u00e1s respetar el reglamento de copropiedad e informar a VIDA sobre cualquier cesi\u00f3n o cambio en el uso.<\/li><\/ul>\t\t\t\t\t\t\t\t<\/div>\n\t\t\t\t<\/div>\n\t\t\t\t<\/div>\n\t\t\t\t\t<\/details>\n\t\t\t\t\t\t<details id=\"e-n-accordion-item-4091\" class=\"e-n-accordion-item\" >\n\t\t\t\t<summary class=\"e-n-accordion-item-title\" data-accordion-index=\"2\" tabindex=\"-1\" aria-expanded=\"false\" aria-controls=\"e-n-accordion-item-4091\" >\n\t\t\t\t\t<span class='e-n-accordion-item-title-header'><div class=\"e-n-accordion-item-title-text\"> \u00bfExisten costos ocultos? <\/div><\/span>\n\t\t\t\t\t\t\t<span class='e-n-accordion-item-title-icon'>\n\t\t\t<span class='e-opened' ><i aria-hidden=\"true\" class=\"fas fa-minus\"><\/i><\/span>\n\t\t\t<span class='e-closed'><i aria-hidden=\"true\" class=\"fas fa-plus\"><\/i><\/span>\n\t\t<\/span>\n\n\t\t\t\t\t\t<\/summary>\n\t\t\t\t<div role=\"region\" aria-labelledby=\"e-n-accordion-item-4091\" class=\"elementor-element elementor-element-3d8a24b e-con-full e-flex e-con e-child\" data-id=\"3d8a24b\" data-element_type=\"container\">\n\t\t\t\t<div class=\"elementor-element elementor-element-41164d8 elementor-widget elementor-widget-text-editor\" data-id=\"41164d8\" data-element_type=\"widget\" data-widget_type=\"text-editor.default\">\n\t\t\t\t<div class=\"elementor-widget-container\">\n\t\t\t\t\t\t\t\t\t<p>No. Todas las cuotas se detallan en el Contrato de Copropiedad. Solo aplican cargos variables por:<\/p><ul><li>Limpieza despu\u00e9s de cada estancia<\/li><li>Consumos o comidas (en caso de elegir plan de alimentos)<\/li><li>Reservas adicionales fuera de tus 35 noches<\/li><\/ul>\t\t\t\t\t\t\t\t<\/div>\n\t\t\t\t<\/div>\n\t\t\t\t<\/div>\n\t\t\t\t\t<\/details>\n\t\t\t\t\t\t<details id=\"e-n-accordion-item-4092\" class=\"e-n-accordion-item\" >\n\t\t\t\t<summary class=\"e-n-accordion-item-title\" data-accordion-index=\"3\" tabindex=\"-1\" aria-expanded=\"false\" aria-controls=\"e-n-accordion-item-4092\" >\n\t\t\t\t\t<span class='e-n-accordion-item-title-header'><div class=\"e-n-accordion-item-title-text\"> \u00bfPuedo heredar o vender mi participaci\u00f3n? <\/div><\/span>\n\t\t\t\t\t\t\t<span class='e-n-accordion-item-title-icon'>\n\t\t\t<span class='e-opened' ><i aria-hidden=\"true\" class=\"fas fa-minus\"><\/i><\/span>\n\t\t\t<span class='e-closed'><i aria-hidden=\"true\" class=\"fas fa-plus\"><\/i><\/span>\n\t\t<\/span>\n\n\t\t\t\t\t\t<\/summary>\n\t\t\t\t<div role=\"region\" aria-labelledby=\"e-n-accordion-item-4092\" class=\"elementor-element elementor-element-d9ccfd4 e-con-full e-flex e-con e-child\" data-id=\"d9ccfd4\" data-element_type=\"container\">\n\t\t\t\t<div class=\"elementor-element elementor-element-8df9c2b elementor-widget elementor-widget-text-editor\" data-id=\"8df9c2b\" data-element_type=\"widget\" data-widget_type=\"text-editor.default\">\n\t\t\t\t<div class=\"elementor-widget-container\">\n\t\t\t\t\t\t\t\t\t<p>S\u00ed. Tu fracci\u00f3n es transferible, heredable y puede venderse, lo que brinda flexibilidad y valor a largo plazo.<\/p>\t\t\t\t\t\t\t\t<\/div>\n\t\t\t\t<\/div>\n\t\t\t\t<\/div>\n\t\t\t\t\t<\/details>\n\t\t\t\t\t\t<details id=\"e-n-accordion-item-4093\" class=\"e-n-accordion-item\" >\n\t\t\t\t<summary class=\"e-n-accordion-item-title\" data-accordion-index=\"4\" tabindex=\"-1\" aria-expanded=\"false\" aria-controls=\"e-n-accordion-item-4093\" >\n\t\t\t\t\t<span class='e-n-accordion-item-title-header'><div class=\"e-n-accordion-item-title-text\"> \u00bfPara qui\u00e9n es VIDA? <\/div><\/span>\n\t\t\t\t\t\t\t<span class='e-n-accordion-item-title-icon'>\n\t\t\t<span class='e-opened' ><i aria-hidden=\"true\" class=\"fas fa-minus\"><\/i><\/span>\n\t\t\t<span class='e-closed'><i aria-hidden=\"true\" class=\"fas fa-plus\"><\/i><\/span>\n\t\t<\/span>\n\n\t\t\t\t\t\t<\/summary>\n\t\t\t\t<div role=\"region\" aria-labelledby=\"e-n-accordion-item-4093\" class=\"elementor-element elementor-element-9a549d9 e-con-full e-flex e-con e-child\" data-id=\"9a549d9\" data-element_type=\"container\">\n\t\t\t\t<div class=\"elementor-element elementor-element-8ff7533 elementor-widget elementor-widget-text-editor\" data-id=\"8ff7533\" data-element_type=\"widget\" data-widget_type=\"text-editor.default\">\n\t\t\t\t<div class=\"elementor-widget-container\">\n\t\t\t\t\t\t\t\t\t<p>VIDA es ideal para:<\/p><ul><li>Familias<\/li><li>Viajeros frecuentes<\/li><li>N\u00f3madas digitales<\/li><li>Inversionistas<\/li><li>Personas que buscan una propiedad vacacional flexible y sin complicaciones<\/li><\/ul>\t\t\t\t\t\t\t\t<\/div>\n\t\t\t\t<\/div>\n\t\t\t\t<\/div>\n\t\t\t\t\t<\/details>\n\t\t\t\t\t<\/div>\n\t\t\t\t\t\t<\/div>\n\t\t\t\t<\/div>\n\t\t\t\t<\/div>\n\t\t\t\t<\/div>\n\t\t\t\t\t<\/div>\n\t\t\t\t<\/div>\n\t\t\t\t<\/div>","protected":false},"excerpt":{"rendered":"<p>Frequently Asked Questions Got Questions? We\u2019ve Got Answers What is fractional ownership? Fractional ownership is a legal model that allows multiple people to co-own a single property. Each co-owner holds real rights over the property, including usage, inheritance, resale, and transfer. How many nights per year do I get? Each fraction grants you 35 nights [&hellip;]<\/p>","protected":false},"author":1,"featured_media":0,"parent":0,"menu_order":0,"comment_status":"closed","ping_status":"closed","template":"","meta":{"footnotes":""},"class_list":["post-518","page","type-page","status-publish","hentry"],"yoast_head":"<!-- This site is optimized with the Yoast SEO plugin v26.0 - https:\/\/yoast.com\/wordpress\/plugins\/seo\/ -->\n<title>How Fractional Vacation Ownership Works | FAQs &amp; Answers<\/title>\n<meta name=\"description\" content=\"Get to know VIDA FRACTIONAL and the benefits of co-owning vacation homes: 35 nights per year, shared expenses, and legal ownership rights.\" \/>\n<meta name=\"robots\" content=\"index, follow, max-snippet:-1, max-image-preview:large, max-video-preview:-1\" \/>\n<link rel=\"canonical\" href=\"https:\/\/vidafractional.com\/es\/faqs\/\" \/>\n<meta property=\"og:locale\" content=\"es_MX\" \/>\n<meta property=\"og:type\" content=\"article\" \/>\n<meta property=\"og:title\" content=\"How Fractional Vacation Ownership Works | FAQs &amp; Answers\" \/>\n<meta property=\"og:description\" content=\"Get to know VIDA FRACTIONAL and the benefits of co-owning vacation homes: 35 nights per year, shared expenses, and legal ownership rights.\" \/>\n<meta property=\"og:url\" content=\"https:\/\/vidafractional.com\/es\/faqs\/\" \/>\n<meta property=\"og:site_name\" content=\"VIDA Fractional\" \/>\n<meta property=\"article:publisher\" content=\"https:\/\/www.facebook.com\/vidafractional\" \/>\n<meta property=\"article:modified_time\" content=\"2025-08-20T21:13:57+00:00\" \/>\n<meta name=\"twitter:card\" content=\"summary_large_image\" \/>\n<meta name=\"twitter:label1\" content=\"Tiempo de lectura\" \/>\n\t<meta name=\"twitter:data1\" content=\"3 minutos\" \/>\n<script type=\"application\/ld+json\" class=\"yoast-schema-graph\">{\"@context\":\"https:\/\/schema.org\",\"@graph\":[{\"@type\":\"WebPage\",\"@id\":\"https:\/\/vidafractional.com\/faqs\/\",\"url\":\"https:\/\/vidafractional.com\/faqs\/\",\"name\":\"How Fractional Vacation Ownership Works | FAQs & Answers\",\"isPartOf\":{\"@id\":\"https:\/\/vidafractional.com\/#website\"},\"datePublished\":\"2025-08-06T17:21:04+00:00\",\"dateModified\":\"2025-08-20T21:13:57+00:00\",\"description\":\"Get to know VIDA FRACTIONAL and the benefits of co-owning vacation homes: 35 nights per year, shared expenses, and legal ownership rights.\",\"breadcrumb\":{\"@id\":\"https:\/\/vidafractional.com\/faqs\/#breadcrumb\"},\"inLanguage\":\"es\",\"potentialAction\":[{\"@type\":\"ReadAction\",\"target\":[\"https:\/\/vidafractional.com\/faqs\/\"]}]},{\"@type\":\"BreadcrumbList\",\"@id\":\"https:\/\/vidafractional.com\/faqs\/#breadcrumb\",\"itemListElement\":[{\"@type\":\"ListItem\",\"position\":1,\"name\":\"Home\",\"item\":\"https:\/\/vidafractional.com\/\"},{\"@type\":\"ListItem\",\"position\":2,\"name\":\"FAQ&#8217;s\"}]},{\"@type\":\"WebSite\",\"@id\":\"https:\/\/vidafractional.com\/#website\",\"url\":\"https:\/\/vidafractional.com\/\",\"name\":\"VIDA Fractional\",\"description\":\"\",\"publisher\":{\"@id\":\"https:\/\/vidafractional.com\/#organization\"},\"potentialAction\":[{\"@type\":\"SearchAction\",\"target\":{\"@type\":\"EntryPoint\",\"urlTemplate\":\"https:\/\/vidafractional.com\/?s={search_term_string}\"},\"query-input\":{\"@type\":\"PropertyValueSpecification\",\"valueRequired\":true,\"valueName\":\"search_term_string\"}}],\"inLanguage\":\"es\"},{\"@type\":\"Organization\",\"@id\":\"https:\/\/vidafractional.com\/#organization\",\"name\":\"VIDA Fractional\",\"url\":\"https:\/\/vidafractional.com\/\",\"logo\":{\"@type\":\"ImageObject\",\"inLanguage\":\"es\",\"@id\":\"https:\/\/vidafractional.com\/#\/schema\/logo\/image\/\",\"url\":\"https:\/\/vidafractional.com\/wp-content\/uploads\/2025\/07\/Logo-Adlanto-Vida.webp\",\"contentUrl\":\"https:\/\/vidafractional.com\/wp-content\/uploads\/2025\/07\/Logo-Adlanto-Vida.webp\",\"width\":1494,\"height\":527,\"caption\":\"VIDA Fractional\"},\"image\":{\"@id\":\"https:\/\/vidafractional.com\/#\/schema\/logo\/image\/\"},\"sameAs\":[\"https:\/\/www.facebook.com\/vidafractional\",\"https:\/\/www.instagram.com\/vidafractional\/\"]}]}<\/script>\n<!-- \/ Yoast SEO plugin. -->","yoast_head_json":{"title":"C\u00f3mo funciona la propiedad vacacional fraccionada | Preguntas frecuentes y respuestas","description":"Conoce VIDA FRACTIONAL y las ventajas de ser copropietario de una vivienda vacacional: 35 noches al a\u00f1o, gastos compartidos y derechos legales de propiedad","robots":{"index":"index","follow":"follow","max-snippet":"max-snippet:-1","max-image-preview":"max-image-preview:large","max-video-preview":"max-video-preview:-1"},"canonical":"https:\/\/vidafractional.com\/es\/faqs\/","og_locale":"es_MX","og_type":"article","og_title":"How Fractional Vacation Ownership Works | FAQs & Answers","og_description":"Get to know VIDA FRACTIONAL and the benefits of co-owning vacation homes: 35 nights per year, shared expenses, and legal ownership rights.","og_url":"https:\/\/vidafractional.com\/es\/faqs\/","og_site_name":"VIDA Fractional","article_publisher":"https:\/\/www.facebook.com\/vidafractional","article_modified_time":"2025-08-20T21:13:57+00:00","twitter_card":"summary_large_image","twitter_misc":{"Tiempo de lectura":"3 minutos"},"schema":{"@context":"https:\/\/schema.org","@graph":[{"@type":"WebPage","@id":"https:\/\/vidafractional.com\/faqs\/","url":"https:\/\/vidafractional.com\/faqs\/","name":"C\u00f3mo funciona la propiedad vacacional fraccionada | Preguntas frecuentes y respuestas","isPartOf":{"@id":"https:\/\/vidafractional.com\/#website"},"datePublished":"2025-08-06T17:21:04+00:00","dateModified":"2025-08-20T21:13:57+00:00","description":"Conoce VIDA FRACTIONAL y las ventajas de ser copropietario de una vivienda vacacional: 35 noches al a\u00f1o, gastos compartidos y derechos legales de propiedad","breadcrumb":{"@id":"https:\/\/vidafractional.com\/faqs\/#breadcrumb"},"inLanguage":"es","potentialAction":[{"@type":"ReadAction","target":["https:\/\/vidafractional.com\/faqs\/"]}]},{"@type":"BreadcrumbList","@id":"https:\/\/vidafractional.com\/faqs\/#breadcrumb","itemListElement":[{"@type":"ListItem","position":1,"name":"Home","item":"https:\/\/vidafractional.com\/"},{"@type":"ListItem","position":2,"name":"FAQ&#8217;s"}]},{"@type":"WebSite","@id":"https:\/\/vidafractional.com\/#website","url":"https:\/\/vidafractional.com\/","name":"VIDA Fractional","description":"","publisher":{"@id":"https:\/\/vidafractional.com\/#organization"},"potentialAction":[{"@type":"SearchAction","target":{"@type":"EntryPoint","urlTemplate":"https:\/\/vidafractional.com\/?s={search_term_string}"},"query-input":{"@type":"PropertyValueSpecification","valueRequired":true,"valueName":"search_term_string"}}],"inLanguage":"es"},{"@type":"Organization","@id":"https:\/\/vidafractional.com\/#organization","name":"VIDA Fractional","url":"https:\/\/vidafractional.com\/","logo":{"@type":"ImageObject","inLanguage":"es","@id":"https:\/\/vidafractional.com\/#\/schema\/logo\/image\/","url":"https:\/\/vidafractional.com\/wp-content\/uploads\/2025\/07\/Logo-Adlanto-Vida.webp","contentUrl":"https:\/\/vidafractional.com\/wp-content\/uploads\/2025\/07\/Logo-Adlanto-Vida.webp","width":1494,"height":527,"caption":"VIDA Fractional"},"image":{"@id":"https:\/\/vidafractional.com\/#\/schema\/logo\/image\/"},"sameAs":["https:\/\/www.facebook.com\/vidafractional","https:\/\/www.instagram.com\/vidafractional\/"]}]}},"_links":{"self":[{"href":"https:\/\/vidafractional.com\/es\/wp-json\/wp\/v2\/pages\/518","targetHints":{"allow":["GET"]}}],"collection":[{"href":"https:\/\/vidafractional.com\/es\/wp-json\/wp\/v2\/pages"}],"about":[{"href":"https:\/\/vidafractional.com\/es\/wp-json\/wp\/v2\/types\/page"}],"author":[{"embeddable":true,"href":"https:\/\/vidafractional.com\/es\/wp-json\/wp\/v2\/users\/1"}],"replies":[{"embeddable":true,"href":"https:\/\/vidafractional.com\/es\/wp-json\/wp\/v2\/comments?post=518"}],"version-history":[{"count":4,"href":"https:\/\/vidafractional.com\/es\/wp-json\/wp\/v2\/pages\/518\/revisions"}],"predecessor-version":[{"id":522,"href":"https:\/\/vidafractional.com\/es\/wp-json\/wp\/v2\/pages\/518\/revisions\/522"}],"wp:attachment":[{"href":"https:\/\/vidafractional.com\/es\/wp-json\/wp\/v2\/media?parent=518"}],"curies":[{"name":"wp","href":"https:\/\/api.w.org\/{rel}","templated":true}]}}