{"id":532,"date":"2025-08-19T20:52:50","date_gmt":"2025-08-19T20:52:50","guid":{"rendered":"https:\/\/vidafractional.com\/?page_id=532"},"modified":"2025-08-20T21:30:48","modified_gmt":"2025-08-20T21:30:48","slug":"contact","status":"publish","type":"page","link":"https:\/\/vidafractional.com\/es\/contact\/","title":{"rendered":"Contacto"},"content":{"rendered":"","protected":false},"excerpt":{"rendered":"","protected":false},"author":1,"featured_media":0,"parent":0,"menu_order":0,"comment_status":"closed","ping_status":"closed","template":"elementor_header_footer","meta":{"footnotes":""},"class_list":["post-532","page","type-page","status-publish","hentry"],"yoast_head":"<!-- This site is optimized with the Yoast SEO plugin v26.0 - https:\/\/yoast.com\/wordpress\/plugins\/seo\/ -->\n<title>Vacation Homes with Shared Costs | Sea of Cortez and Caribbean<\/title>\n<meta name=\"description\" content=\"Contact VIDA FRACTIONAL to explore co-owning beachfront homes in Cancun, Rocky Point, and the Caribbean. Legal ownership and 35 nights per year.\" \/>\n<meta name=\"robots\" content=\"index, follow, max-snippet:-1, max-image-preview:large, max-video-preview:-1\" \/>\n<link rel=\"canonical\" href=\"https:\/\/vidafractional.com\/es\/contact\/\" \/>\n<meta property=\"og:locale\" content=\"es_MX\" \/>\n<meta property=\"og:type\" content=\"article\" \/>\n<meta property=\"og:title\" content=\"Vacation Homes with Shared Costs | Sea of Cortez and Caribbean\" \/>\n<meta property=\"og:description\" content=\"Contact VIDA FRACTIONAL to explore co-owning beachfront homes in Cancun, Rocky Point, and the Caribbean. Legal ownership and 35 nights per year.\" \/>\n<meta property=\"og:url\" content=\"https:\/\/vidafractional.com\/es\/contact\/\" \/>\n<meta property=\"og:site_name\" content=\"VIDA Fractional\" \/>\n<meta property=\"article:publisher\" content=\"https:\/\/www.facebook.com\/vidafractional\" \/>\n<meta property=\"article:modified_time\" content=\"2025-08-20T21:30:48+00:00\" \/>\n<meta name=\"twitter:card\" content=\"summary_large_image\" \/>\n<script type=\"application\/ld+json\" class=\"yoast-schema-graph\">{\"@context\":\"https:\/\/schema.org\",\"@graph\":[{\"@type\":\"WebPage\",\"@id\":\"https:\/\/vidafractional.com\/contact\/\",\"url\":\"https:\/\/vidafractional.com\/contact\/\",\"name\":\"Vacation Homes with Shared Costs | Sea of Cortez and Caribbean\",\"isPartOf\":{\"@id\":\"https:\/\/vidafractional.com\/#website\"},\"datePublished\":\"2025-08-19T20:52:50+00:00\",\"dateModified\":\"2025-08-20T21:30:48+00:00\",\"description\":\"Contact VIDA FRACTIONAL to explore co-owning beachfront homes in Cancun, Rocky Point, and the Caribbean. Legal ownership and 35 nights per year.\",\"breadcrumb\":{\"@id\":\"https:\/\/vidafractional.com\/contact\/#breadcrumb\"},\"inLanguage\":\"es\",\"potentialAction\":[{\"@type\":\"ReadAction\",\"target\":[\"https:\/\/vidafractional.com\/contact\/\"]}]},{\"@type\":\"BreadcrumbList\",\"@id\":\"https:\/\/vidafractional.com\/contact\/#breadcrumb\",\"itemListElement\":[{\"@type\":\"ListItem\",\"position\":1,\"name\":\"Home\",\"item\":\"https:\/\/vidafractional.com\/\"},{\"@type\":\"ListItem\",\"position\":2,\"name\":\"Contact\"}]},{\"@type\":\"WebSite\",\"@id\":\"https:\/\/vidafractional.com\/#website\",\"url\":\"https:\/\/vidafractional.com\/\",\"name\":\"VIDA Fractional\",\"description\":\"\",\"publisher\":{\"@id\":\"https:\/\/vidafractional.com\/#organization\"},\"potentialAction\":[{\"@type\":\"SearchAction\",\"target\":{\"@type\":\"EntryPoint\",\"urlTemplate\":\"https:\/\/vidafractional.com\/?s={search_term_string}\"},\"query-input\":{\"@type\":\"PropertyValueSpecification\",\"valueRequired\":true,\"valueName\":\"search_term_string\"}}],\"inLanguage\":\"es\"},{\"@type\":\"Organization\",\"@id\":\"https:\/\/vidafractional.com\/#organization\",\"name\":\"VIDA Fractional\",\"url\":\"https:\/\/vidafractional.com\/\",\"logo\":{\"@type\":\"ImageObject\",\"inLanguage\":\"es\",\"@id\":\"https:\/\/vidafractional.com\/#\/schema\/logo\/image\/\",\"url\":\"https:\/\/vidafractional.com\/wp-content\/uploads\/2025\/07\/Logo-Adlanto-Vida.webp\",\"contentUrl\":\"https:\/\/vidafractional.com\/wp-content\/uploads\/2025\/07\/Logo-Adlanto-Vida.webp\",\"width\":1494,\"height\":527,\"caption\":\"VIDA Fractional\"},\"image\":{\"@id\":\"https:\/\/vidafractional.com\/#\/schema\/logo\/image\/\"},\"sameAs\":[\"https:\/\/www.facebook.com\/vidafractional\",\"https:\/\/www.instagram.com\/vidafractional\/\"]}]}<\/script>\n<!-- \/ Yoast SEO plugin. -->","yoast_head_json":{"title":"Propiedades vacacionales con gastos compartidos | Mar de Cort\u00e9s y el Caribe","description":"Contacta a VIDA FRACTIONAL para adquirir tu vivienda compartida frente al mar en Canc\u00fan, Puerto Pe\u00f1asco y el Caribe. Propiedad legal y 35 noches al a\u00f1o.","robots":{"index":"index","follow":"follow","max-snippet":"max-snippet:-1","max-image-preview":"max-image-preview:large","max-video-preview":"max-video-preview:-1"},"canonical":"https:\/\/vidafractional.com\/es\/contact\/","og_locale":"es_MX","og_type":"article","og_title":"Vacation Homes with Shared Costs | Sea of Cortez and Caribbean","og_description":"Contact VIDA FRACTIONAL to explore co-owning beachfront homes in Cancun, Rocky Point, and the Caribbean. Legal ownership and 35 nights per year.","og_url":"https:\/\/vidafractional.com\/es\/contact\/","og_site_name":"VIDA Fractional","article_publisher":"https:\/\/www.facebook.com\/vidafractional","article_modified_time":"2025-08-20T21:30:48+00:00","twitter_card":"summary_large_image","schema":{"@context":"https:\/\/schema.org","@graph":[{"@type":"WebPage","@id":"https:\/\/vidafractional.com\/contact\/","url":"https:\/\/vidafractional.com\/contact\/","name":"Propiedades vacacionales con gastos compartidos | Mar de Cort\u00e9s y el Caribe","isPartOf":{"@id":"https:\/\/vidafractional.com\/#website"},"datePublished":"2025-08-19T20:52:50+00:00","dateModified":"2025-08-20T21:30:48+00:00","description":"Contacta a VIDA FRACTIONAL para adquirir tu vivienda compartida frente al mar en Canc\u00fan, Puerto Pe\u00f1asco y el Caribe. Propiedad legal y 35 noches al a\u00f1o.","breadcrumb":{"@id":"https:\/\/vidafractional.com\/contact\/#breadcrumb"},"inLanguage":"es","potentialAction":[{"@type":"ReadAction","target":["https:\/\/vidafractional.com\/contact\/"]}]},{"@type":"BreadcrumbList","@id":"https:\/\/vidafractional.com\/contact\/#breadcrumb","itemListElement":[{"@type":"ListItem","position":1,"name":"Home","item":"https:\/\/vidafractional.com\/"},{"@type":"ListItem","position":2,"name":"Contact"}]},{"@type":"WebSite","@id":"https:\/\/vidafractional.com\/#website","url":"https:\/\/vidafractional.com\/","name":"VIDA Fractional","description":"","publisher":{"@id":"https:\/\/vidafractional.com\/#organization"},"potentialAction":[{"@type":"SearchAction","target":{"@type":"EntryPoint","urlTemplate":"https:\/\/vidafractional.com\/?s={search_term_string}"},"query-input":{"@type":"PropertyValueSpecification","valueRequired":true,"valueName":"search_term_string"}}],"inLanguage":"es"},{"@type":"Organization","@id":"https:\/\/vidafractional.com\/#organization","name":"VIDA Fractional","url":"https:\/\/vidafractional.com\/","logo":{"@type":"ImageObject","inLanguage":"es","@id":"https:\/\/vidafractional.com\/#\/schema\/logo\/image\/","url":"https:\/\/vidafractional.com\/wp-content\/uploads\/2025\/07\/Logo-Adlanto-Vida.webp","contentUrl":"https:\/\/vidafractional.com\/wp-content\/uploads\/2025\/07\/Logo-Adlanto-Vida.webp","width":1494,"height":527,"caption":"VIDA Fractional"},"image":{"@id":"https:\/\/vidafractional.com\/#\/schema\/logo\/image\/"},"sameAs":["https:\/\/www.facebook.com\/vidafractional","https:\/\/www.instagram.com\/vidafractional\/"]}]}},"_links":{"self":[{"href":"https:\/\/vidafractional.com\/es\/wp-json\/wp\/v2\/pages\/532","targetHints":{"allow":["GET"]}}],"collection":[{"href":"https:\/\/vidafractional.com\/es\/wp-json\/wp\/v2\/pages"}],"about":[{"href":"https:\/\/vidafractional.com\/es\/wp-json\/wp\/v2\/types\/page"}],"author":[{"embeddable":true,"href":"https:\/\/vidafractional.com\/es\/wp-json\/wp\/v2\/users\/1"}],"replies":[{"embeddable":true,"href":"https:\/\/vidafractional.com\/es\/wp-json\/wp\/v2\/comments?post=532"}],"version-history":[{"count":10,"href":"https:\/\/vidafractional.com\/es\/wp-json\/wp\/v2\/pages\/532\/revisions"}],"predecessor-version":[{"id":554,"href":"https:\/\/vidafractional.com\/es\/wp-json\/wp\/v2\/pages\/532\/revisions\/554"}],"wp:attachment":[{"href":"https:\/\/vidafractional.com\/es\/wp-json\/wp\/v2\/media?parent=532"}],"curies":[{"name":"wp","href":"https:\/\/api.w.org\/{rel}","templated":true}]}}